{"id":137,"date":"2022-01-05T16:42:16","date_gmt":"2022-01-05T16:42:16","guid":{"rendered":"https:\/\/gaestehaus-kimmerling.de\/?page_id=137"},"modified":"2022-08-30T13:47:18","modified_gmt":"2022-08-30T13:47:18","slug":"zimmer","status":"publish","type":"page","link":"https:\/\/gaestehaus-kimmerling.de\/?page_id=137","title":{"rendered":"Unsere Zimmer"},"content":{"rendered":"<p>In einem unserer 4 G\u00e4stezimmer mit insgesamt 6 Betten finden Sie den Raum zum Wohlf\u00fchlen nach einer Feier, f\u00fcr einen Kurzurlaub oder aus gesch\u00e4ftlichem Anlass.<\/p>\r\n<p>Nach einem ereignisreichen Tag laden unsere gem\u00fctlich ausgestatteten Zimmer mit Dusche, WC, Flachbild-TV und kostenfreiem WLAN zum Regenerieren und Entspannen ein.<\/p>\r\n<p>Ein reichhaltiges Fr\u00fchst\u00fccksbuffet l\u00e4sst Sie frisch in den Tag starten!<\/p>\r\n<p>Unsere Preiskategorien inkl. Fr\u00fchst\u00fcck:<\/p>\r\n<p>Einzelzimmer:&nbsp;&nbsp;&nbsp; <strong>45,00 EUR pro Nacht<\/strong><br>Doppelzimmer:&nbsp; <strong>78,00 EUR pro Nacht<\/strong><\/p>\r\n<p>Reservieren Sie vorher, denn es ist sch\u00f6n erwartet zu werden.<\/p>\r\nngg_shortcode_0_placeholder\r\n<p><\/p>\r\n<p><\/p>\r\n<p><\/p>","protected":false},"excerpt":{"rendered":"<p>In einem unserer 4 G\u00e4stezimmer mit insgesamt 6 Betten finden Sie den Raum zum Wohlf\u00fchlen nach einer Feier, f\u00fcr einen Kurzurlaub oder aus gesch\u00e4ftlichem Anlass. Nach einem ereignisreichen Tag laden unsere gem\u00fctlich ausgestatteten Zimmer mit Dusche, WC, Flachbild-TV und kostenfreiem WLAN zum Regenerieren und Entspannen ein. Ein reichhaltiges Fr\u00fchst\u00fccksbuffet l\u00e4sst Sie frisch in den Tag&hellip;&nbsp;<a href=\"https:\/\/gaestehaus-kimmerling.de\/?page_id=137\" class=\"\" rel=\"bookmark\">Weiterlesen &raquo;<span class=\"screen-reader-text\">Unsere Zimmer<\/span><\/a><\/p>\n","protected":false},"author":1,"featured_media":0,"parent":0,"menu_order":0,"comment_status":"closed","ping_status":"closed","template":"","meta":{"neve_meta_sidebar":"","neve_meta_container":"","neve_meta_enable_content_width":"off","neve_meta_content_width":100,"neve_meta_title_alignment":"","neve_meta_author_avatar":"","neve_post_elements_order":"","neve_meta_disable_header":"","neve_meta_disable_footer":"","neve_meta_disable_title":"","ngg_post_thumbnail":0,"footnotes":""},"class_list":["post-137","page","type-page","status-publish","hentry"],"_links":{"self":[{"href":"https:\/\/gaestehaus-kimmerling.de\/index.php?rest_route=\/wp\/v2\/pages\/137"}],"collection":[{"href":"https:\/\/gaestehaus-kimmerling.de\/index.php?rest_route=\/wp\/v2\/pages"}],"about":[{"href":"https:\/\/gaestehaus-kimmerling.de\/index.php?rest_route=\/wp\/v2\/types\/page"}],"author":[{"embeddable":true,"href":"https:\/\/gaestehaus-kimmerling.de\/index.php?rest_route=\/wp\/v2\/users\/1"}],"replies":[{"embeddable":true,"href":"https:\/\/gaestehaus-kimmerling.de\/index.php?rest_route=%2Fwp%2Fv2%2Fcomments&post=137"}],"version-history":[{"count":22,"href":"https:\/\/gaestehaus-kimmerling.de\/index.php?rest_route=\/wp\/v2\/pages\/137\/revisions"}],"predecessor-version":[{"id":528,"href":"https:\/\/gaestehaus-kimmerling.de\/index.php?rest_route=\/wp\/v2\/pages\/137\/revisions\/528"}],"wp:attachment":[{"href":"https:\/\/gaestehaus-kimmerling.de\/index.php?rest_route=%2Fwp%2Fv2%2Fmedia&parent=137"}],"curies":[{"name":"wp","href":"https:\/\/api.w.org\/{rel}","templated":true}]}}