{"id":2,"date":"2022-01-04T16:54:09","date_gmt":"2022-01-04T16:54:09","guid":{"rendered":"https:\/\/gaestehaus-kimmerling.de\/?page_id=2"},"modified":"2022-01-08T16:59:45","modified_gmt":"2022-01-08T16:59:45","slug":"sample-page","status":"publish","type":"page","link":"https:\/\/gaestehaus-kimmerling.de\/","title":{"rendered":"G\u00e4stehaus Kimmerling in Stepperg"},"content":{"rendered":"\r\n<p>Herzlich Willkommen!<\/p>\r\n<p>Seit dem Mittelalter dienten die Gem\u00e4uer des Stepperger &#8222;Unterwirts&#8220; &#8211; auf dem Anwesen des heutigen G\u00e4stehauses Kimmerling &#8211; den einheimischen und fremden G\u00e4sten als Einkehr.<\/p>\r\n<p>Heute m\u00f6chten wir in unserer traditionsreichen Pension unseren G\u00e4sten ihren Aufenthalt so angenehm wie m\u00f6glich gestalten und ihnen gem\u00fctliche Stunden der Entspannung schenken.<\/p>\r\n<p>Ihre Familie Braun<\/p>\r\n<p>Wir freuen uns von Ihnen zu h\u00f6ren<\/p>\r\n\r\n\r\n\r\n\r\n","protected":false},"excerpt":{"rendered":"<p>Herzlich Willkommen! Seit dem Mittelalter dienten die Gem\u00e4uer des Stepperger &#8222;Unterwirts&#8220; &#8211; auf dem Anwesen des heutigen G\u00e4stehauses Kimmerling &#8211; den einheimischen und fremden G\u00e4sten als Einkehr. Heute m\u00f6chten wir in unserer traditionsreichen Pension unseren G\u00e4sten ihren Aufenthalt so angenehm wie m\u00f6glich gestalten und ihnen gem\u00fctliche Stunden der Entspannung schenken. Ihre Familie Braun Wir freuen&hellip;&nbsp;<a href=\"https:\/\/gaestehaus-kimmerling.de\/\" class=\"\" rel=\"bookmark\">Weiterlesen &raquo;<span class=\"screen-reader-text\">G\u00e4stehaus Kimmerling in Stepperg<\/span><\/a><\/p>\n","protected":false},"author":1,"featured_media":0,"parent":0,"menu_order":0,"comment_status":"closed","ping_status":"open","template":"","meta":{"neve_meta_sidebar":"","neve_meta_container":"","neve_meta_enable_content_width":"off","neve_meta_content_width":100,"neve_meta_title_alignment":"","neve_meta_author_avatar":"","neve_post_elements_order":"","neve_meta_disable_header":"","neve_meta_disable_footer":"","neve_meta_disable_title":"","ngg_post_thumbnail":0,"footnotes":""},"class_list":["post-2","page","type-page","status-publish","hentry"],"_links":{"self":[{"href":"https:\/\/gaestehaus-kimmerling.de\/index.php?rest_route=\/wp\/v2\/pages\/2"}],"collection":[{"href":"https:\/\/gaestehaus-kimmerling.de\/index.php?rest_route=\/wp\/v2\/pages"}],"about":[{"href":"https:\/\/gaestehaus-kimmerling.de\/index.php?rest_route=\/wp\/v2\/types\/page"}],"author":[{"embeddable":true,"href":"https:\/\/gaestehaus-kimmerling.de\/index.php?rest_route=\/wp\/v2\/users\/1"}],"replies":[{"embeddable":true,"href":"https:\/\/gaestehaus-kimmerling.de\/index.php?rest_route=%2Fwp%2Fv2%2Fcomments&post=2"}],"version-history":[{"count":12,"href":"https:\/\/gaestehaus-kimmerling.de\/index.php?rest_route=\/wp\/v2\/pages\/2\/revisions"}],"predecessor-version":[{"id":410,"href":"https:\/\/gaestehaus-kimmerling.de\/index.php?rest_route=\/wp\/v2\/pages\/2\/revisions\/410"}],"wp:attachment":[{"href":"https:\/\/gaestehaus-kimmerling.de\/index.php?rest_route=%2Fwp%2Fv2%2Fmedia&parent=2"}],"curies":[{"name":"wp","href":"https:\/\/api.w.org\/{rel}","templated":true}]}}