{"id":345,"date":"2022-01-08T08:52:29","date_gmt":"2022-01-08T08:52:29","guid":{"rendered":"https:\/\/gaestehaus-kimmerling.de\/?page_id=345"},"modified":"2022-01-09T14:22:05","modified_gmt":"2022-01-09T14:22:05","slug":"innenhof","status":"publish","type":"page","link":"https:\/\/gaestehaus-kimmerling.de\/?page_id=345","title":{"rendered":"Innenhof"},"content":{"rendered":"<p>In unserem windstillen Innenhof k\u00f6nnen Sie, wenn das Wetter mitspielt, unter freiem Himmel die l\u00e4ndlich-beschauliche Atmosph\u00e4re Steppergs genie\u00dfen.<\/p>\n<p>Auch Radfahrer und Wanderer sind nat\u00fcrlich herzlich willkommen.<\/p>\n<p>In den umliegenden Orten finden Sie die M\u00f6glichkeit etwas zu essen.<\/p>\n<p>&nbsp;<\/p>\n<p><img fetchpriority=\"high\" decoding=\"async\" class=\"wp-image-492 aligncenter\" src=\"https:\/\/gaestehaus-kimmerling.de\/wp-content\/uploads\/2022\/01\/Gaestehaus-KImmerling.jpg\" alt=\"\" width=\"600\" height=\"410\" srcset=\"https:\/\/gaestehaus-kimmerling.de\/wp-content\/uploads\/2022\/01\/Gaestehaus-KImmerling.jpg 659w, https:\/\/gaestehaus-kimmerling.de\/wp-content\/uploads\/2022\/01\/Gaestehaus-KImmerling-300x205.jpg 300w\" sizes=\"(max-width: 600px) 100vw, 600px\" \/><\/p>\n<p>&nbsp;<\/p>\n<p><img decoding=\"async\" class=\"wp-image-177 aligncenter\" src=\"https:\/\/gaestehaus-kimmerling.de\/wp-content\/uploads\/2022\/01\/IMG_0008-300x200.jpg\" alt=\"\" width=\"600\" height=\"400\" srcset=\"https:\/\/gaestehaus-kimmerling.de\/wp-content\/uploads\/2022\/01\/IMG_0008-300x200.jpg 300w, https:\/\/gaestehaus-kimmerling.de\/wp-content\/uploads\/2022\/01\/IMG_0008-1024x683.jpg 1024w, https:\/\/gaestehaus-kimmerling.de\/wp-content\/uploads\/2022\/01\/IMG_0008-768x512.jpg 768w, https:\/\/gaestehaus-kimmerling.de\/wp-content\/uploads\/2022\/01\/IMG_0008-1536x1024.jpg 1536w, https:\/\/gaestehaus-kimmerling.de\/wp-content\/uploads\/2022\/01\/IMG_0008-2048x1365.jpg 2048w\" sizes=\"(max-width: 600px) 100vw, 600px\" \/><\/p>\n<p>&nbsp;<\/p>\n","protected":false},"excerpt":{"rendered":"<p>In unserem windstillen Innenhof k\u00f6nnen Sie, wenn das Wetter mitspielt, unter freiem Himmel die l\u00e4ndlich-beschauliche Atmosph\u00e4re Steppergs genie\u00dfen. Auch Radfahrer und Wanderer sind nat\u00fcrlich herzlich willkommen. In den umliegenden Orten finden Sie die M\u00f6glichkeit etwas zu essen. &nbsp; &nbsp; &nbsp;<\/p>\n","protected":false},"author":1,"featured_media":0,"parent":0,"menu_order":0,"comment_status":"closed","ping_status":"closed","template":"","meta":{"neve_meta_sidebar":"","neve_meta_container":"","neve_meta_enable_content_width":"off","neve_meta_content_width":100,"neve_meta_title_alignment":"","neve_meta_author_avatar":"","neve_post_elements_order":"","neve_meta_disable_header":"","neve_meta_disable_footer":"","neve_meta_disable_title":"","ngg_post_thumbnail":0,"footnotes":""},"class_list":["post-345","page","type-page","status-publish","hentry"],"_links":{"self":[{"href":"https:\/\/gaestehaus-kimmerling.de\/index.php?rest_route=\/wp\/v2\/pages\/345"}],"collection":[{"href":"https:\/\/gaestehaus-kimmerling.de\/index.php?rest_route=\/wp\/v2\/pages"}],"about":[{"href":"https:\/\/gaestehaus-kimmerling.de\/index.php?rest_route=\/wp\/v2\/types\/page"}],"author":[{"embeddable":true,"href":"https:\/\/gaestehaus-kimmerling.de\/index.php?rest_route=\/wp\/v2\/users\/1"}],"replies":[{"embeddable":true,"href":"https:\/\/gaestehaus-kimmerling.de\/index.php?rest_route=%2Fwp%2Fv2%2Fcomments&post=345"}],"version-history":[{"count":13,"href":"https:\/\/gaestehaus-kimmerling.de\/index.php?rest_route=\/wp\/v2\/pages\/345\/revisions"}],"predecessor-version":[{"id":493,"href":"https:\/\/gaestehaus-kimmerling.de\/index.php?rest_route=\/wp\/v2\/pages\/345\/revisions\/493"}],"wp:attachment":[{"href":"https:\/\/gaestehaus-kimmerling.de\/index.php?rest_route=%2Fwp%2Fv2%2Fmedia&parent=345"}],"curies":[{"name":"wp","href":"https:\/\/api.w.org\/{rel}","templated":true}]}}