{"id":86,"date":"2022-01-05T11:00:23","date_gmt":"2022-01-05T11:00:23","guid":{"rendered":"https:\/\/gaestehaus-kimmerling.de\/?page_id=86"},"modified":"2022-01-08T16:40:06","modified_gmt":"2022-01-08T16:40:06","slug":"ueber-uns","status":"publish","type":"page","link":"https:\/\/gaestehaus-kimmerling.de\/?page_id=86","title":{"rendered":"Impressum"},"content":{"rendered":"\r\n<h2 class=\"wp-block-heading\">Kontaktdaten<\/h2>\r\n\r\n\r\n\r\n<p>G\u00e4stehaus Kimmerling<br \/>Poststra\u00dfe 5<br \/>86643 Stepperg-Rennertshofen<br \/>Telefon: 0 84 34 \/ 91 63<br \/>Telefax: 0 84 34 \/ 91 65<\/p>\r\n\r\n\r\n\r\n<p><a href=\"mailto:info@gaestehaus-kimmerling.de\">info@gaestehaus-kimmerling.de<\/a><br \/><a href=\"http:\/\/www.gaestehaus-kimmerling.de\">www.gaestehaus-kimmerling.de<\/a><\/p>\r\n\r\n\r\n\r\n<p>Inhaber: Frau Elisabeth Braun<br \/>Steuernummer: 159\/207\/00060<\/p>\r\n\r\n\r\n\r\n<h2 class=\"wp-block-heading\">Haftungsausschluss<\/h2>\r\n\r\n\r\n\r\n<p>1. Inhalt des Onlineangebotes<\/p>\r\n\r\n\r\n\r\n<p>Der Autor \u00fcbernimmt keinerlei Gew\u00e4hr f\u00fcr die Aktualit\u00e4t, Korrektheit, Vollst\u00e4ndigkeit oder Qualit\u00e4t der bereitgestellten Informationen.<\/p>\r\n\r\n\r\n\r\n<p>Haftungsanspr\u00fcche gegen den Autor, welche sich auf Sch\u00e4den materieller oder ideeller Art beziehen, die durch die Nutzung oder Nichtnutzung der dargebotenen Informationen bzw. durch die Nutzung fehlerhafter und unvollst\u00e4ndiger Informationen verursacht wurden, sind grunds\u00e4tzlich ausgeschlossen, sofern seitens des Autors kein nachweislich vors\u00e4tzliches oder grob fahrl\u00e4ssliges Verschulden vorliegt. Alle Angebote sind freibleibend und unverbindlich.<\/p>\r\n\r\n\r\n\r\n<p>2. Verweise und Links<\/p>\r\n\r\n\r\n\r\n<p>Bei direkten oder indirekten Verweisen auf fremde Websites, die au\u00dferhalb des Verantwortungsbereiches des Autors liegen, erkl\u00e4rt der Autor hiermit ausdr\u00fccklich, dass zum Zeitpunkt der Verlinkung kein illegaler Inhalt auf den zu verlinkenden Seiten erkennbar waren. Auf die aktuelle und zuk\u00fcnftige Gestaltung, die Inhalte oder die Urheberschaft der verkn\u00fcpften Seiten hat der Autor keinerlei Einfluss.<\/p>\r\n","protected":false},"excerpt":{"rendered":"<p>Kontaktdaten G\u00e4stehaus KimmerlingPoststra\u00dfe 586643 Stepperg-RennertshofenTelefon: 0 84 34 \/ 91 63Telefax: 0 84 34 \/ 91 65 info@gaestehaus-kimmerling.dewww.gaestehaus-kimmerling.de Inhaber: Frau Elisabeth BraunSteuernummer: 159\/207\/00060 Haftungsausschluss 1. Inhalt des Onlineangebotes Der Autor \u00fcbernimmt keinerlei Gew\u00e4hr f\u00fcr die Aktualit\u00e4t, Korrektheit, Vollst\u00e4ndigkeit oder Qualit\u00e4t der bereitgestellten Informationen. Haftungsanspr\u00fcche gegen den Autor, welche sich auf Sch\u00e4den materieller oder ideeller Art&hellip;&nbsp;<a href=\"https:\/\/gaestehaus-kimmerling.de\/?page_id=86\" class=\"\" rel=\"bookmark\">Weiterlesen &raquo;<span class=\"screen-reader-text\">Impressum<\/span><\/a><\/p>\n","protected":false},"author":1,"featured_media":0,"parent":0,"menu_order":0,"comment_status":"closed","ping_status":"closed","template":"","meta":{"neve_meta_sidebar":"","neve_meta_container":"","neve_meta_enable_content_width":"off","neve_meta_content_width":100,"neve_meta_title_alignment":"","neve_meta_author_avatar":"","neve_post_elements_order":"","neve_meta_disable_header":"","neve_meta_disable_footer":"","neve_meta_disable_title":"","ngg_post_thumbnail":0,"footnotes":""},"class_list":["post-86","page","type-page","status-publish","hentry"],"_links":{"self":[{"href":"https:\/\/gaestehaus-kimmerling.de\/index.php?rest_route=\/wp\/v2\/pages\/86"}],"collection":[{"href":"https:\/\/gaestehaus-kimmerling.de\/index.php?rest_route=\/wp\/v2\/pages"}],"about":[{"href":"https:\/\/gaestehaus-kimmerling.de\/index.php?rest_route=\/wp\/v2\/types\/page"}],"author":[{"embeddable":true,"href":"https:\/\/gaestehaus-kimmerling.de\/index.php?rest_route=\/wp\/v2\/users\/1"}],"replies":[{"embeddable":true,"href":"https:\/\/gaestehaus-kimmerling.de\/index.php?rest_route=%2Fwp%2Fv2%2Fcomments&post=86"}],"version-history":[{"count":5,"href":"https:\/\/gaestehaus-kimmerling.de\/index.php?rest_route=\/wp\/v2\/pages\/86\/revisions"}],"predecessor-version":[{"id":401,"href":"https:\/\/gaestehaus-kimmerling.de\/index.php?rest_route=\/wp\/v2\/pages\/86\/revisions\/401"}],"wp:attachment":[{"href":"https:\/\/gaestehaus-kimmerling.de\/index.php?rest_route=%2Fwp%2Fv2%2Fmedia&parent=86"}],"curies":[{"name":"wp","href":"https:\/\/api.w.org\/{rel}","templated":true}]}}